{"id":213,"date":"2025-06-03T16:23:44","date_gmt":"2025-06-03T16:23:44","guid":{"rendered":"https:\/\/telavera.creamtest.it\/?page_id=213"},"modified":"2026-02-23T14:58:50","modified_gmt":"2026-02-23T14:58:50","slug":"il-territorio","status":"publish","type":"page","link":"https:\/\/www.cantinatelavera.it\/en\/il-territorio\/","title":{"rendered":"The Land"},"content":{"rendered":"<div class=\"wp-block-group super-row has-background\" style=\"background-color:#e5461b\"><div class=\"wp-block-group__inner-container is-layout-constrained wp-block-group-is-layout-constrained\">\n<div style=\"height:8em\" aria-hidden=\"true\" class=\"wp-block-spacer\"><\/div>\n\n\n\n<div class=\"wp-block-group move-down-element move-more relative-bwa z-index10\"><div class=\"wp-block-group__inner-container is-layout-constrained wp-block-group-is-layout-constrained\">\n<div class=\"wp-block-columns is-layout-flex wp-container-core-columns-is-layout-9d6595d7 wp-block-columns-is-layout-flex\">\n<div class=\"wp-block-column is-layout-flow wp-block-column-is-layout-flow\">\n<h1 class=\"wp-block-heading extra-title bigger has-white-color has-text-color has-link-color wp-elements-494c5e59788a7dbd340de7d97311c420\" style=\"text-transform:uppercase\">Deep Murgia<\/h1>\n<\/div>\n\n\n\n<div class=\"wp-block-column is-layout-flow wp-block-column-is-layout-flow\" style=\"flex-basis:25%\"><\/div>\n<\/div>\n\n\n\n<div class=\"wp-block-columns is-layout-flex wp-container-core-columns-is-layout-9d6595d7 wp-block-columns-is-layout-flex\">\n<div class=\"wp-block-column is-layout-flow wp-block-column-is-layout-flow\" style=\"flex-basis:66.66%\">\n<p class=\"has-white-color has-text-color has-link-color has-large-font-size wp-elements-e3c9329431d9456ea44add3a8c60ff20\" style=\"font-style:normal;font-weight:700;text-transform:uppercase\">Murgia is a stern and essential land, which landscape is made of hard rocks, wind-beaten fields, solitary oaks, and dry-stone walls.<\/p>\n<\/div>\n\n\n\n<div class=\"wp-block-column is-layout-flow wp-block-column-is-layout-flow\" style=\"flex-basis:33.33%\"><\/div>\n<\/div>\n<\/div><\/div>\n<\/div><\/div>\n\n\n\n<div class=\"wp-block-cover super-row reveal-mask\" style=\"min-height:100vh;aspect-ratio:unset;\"><img width=\"2000\" height=\"1102\" class=\"wp-block-cover__image-background wp-image-1064 size-full lazyload bwa-img\" alt=\"\" data-src=\"https:\/\/www.cantinatelavera.it\/wp-content\/uploads\/2026\/02\/telavera-territorio-HERO.webp\" data-object-fit=\"cover\" srcset=\"https:\/\/www.cantinatelavera.it\/wp-content\/uploads\/2026\/02\/telavera-territorio-HERO.webp 2000w, https:\/\/www.cantinatelavera.it\/wp-content\/uploads\/2026\/02\/telavera-territorio-HERO-300x165.webp 300w, https:\/\/www.cantinatelavera.it\/wp-content\/uploads\/2026\/02\/telavera-territorio-HERO-1024x564.webp 1024w, https:\/\/www.cantinatelavera.it\/wp-content\/uploads\/2026\/02\/telavera-territorio-HERO-768x423.webp 768w, https:\/\/www.cantinatelavera.it\/wp-content\/uploads\/2026\/02\/telavera-territorio-HERO-1536x846.webp 1536w, https:\/\/www.cantinatelavera.it\/wp-content\/uploads\/2026\/02\/telavera-territorio-HERO-18x10.webp 18w, https:\/\/www.cantinatelavera.it\/wp-content\/uploads\/2026\/02\/telavera-territorio-HERO-1200x661.webp 1200w\" sizes=\"(max-width: 2000px) 100vw, 2000px\" \/><span aria-hidden=\"true\" class=\"wp-block-cover__background has-background-dim-100 has-background-dim\" style=\"background-color:#e5461b\"><\/span><div class=\"wp-block-cover__inner-container is-layout-constrained wp-block-cover-is-layout-constrained\">\n<p class=\"has-text-align-center has-large-font-size\"><\/p>\n<\/div><\/div>\n\n\n\n<div class=\"wp-block-group super-row has-background\" style=\"background-color:#e5461b\"><div class=\"wp-block-group__inner-container is-layout-constrained wp-block-group-is-layout-constrained\">\n<div style=\"height:8em\" aria-hidden=\"true\" class=\"wp-block-spacer\"><\/div>\n<\/div><\/div>\n\n\n\n<div style=\"height:4em\" aria-hidden=\"true\" class=\"wp-block-spacer\"><\/div>\n\n\n\n<div class=\"wp-block-columns is-layout-flex wp-container-core-columns-is-layout-9d6595d7 wp-block-columns-is-layout-flex\">\n<div class=\"wp-block-column is-layout-flow wp-block-column-is-layout-flow\" style=\"flex-basis:33.33%\"><\/div>\n\n\n\n<div class=\"wp-block-column is-layout-flow wp-block-column-is-layout-flow\" style=\"flex-basis:66.66%\">\n<p class=\"has-text-align-right has-black-color has-text-color has-link-color has-large-font-size wp-elements-97d14b6ec59600520b301f1b5e9bbd22\" style=\"font-style:normal;font-weight:700;text-transform:uppercase\">This beauty doesn\u2019t reveal itself right away, but it rewards those who know how to look past its apparent toughness. Here, effort is woven into everyday life. From the land\u2019s harshness emerge remarkable products, genuine flavors, and a legacy of passion and endurance.<\/p>\n<\/div>\n<\/div>\n\n\n\n<div style=\"height:4em\" aria-hidden=\"true\" class=\"wp-block-spacer\"><\/div>\n\n\n\n<div class=\"wp-block-cover is-light super-row\"><span aria-hidden=\"true\" class=\"wp-block-cover__background has-white-background-color has-background-dim-100 has-background-dim\"><\/span><div class=\"wp-block-cover__inner-container is-layout-constrained wp-block-cover-is-layout-constrained\">\n<div class=\"wp-block-columns has-text-color has-link-color wp-elements-72e5eefad213315f1e9fd0cbbe7fbe3f is-layout-flex wp-container-core-columns-is-layout-9d6595d7 wp-block-columns-is-layout-flex\" style=\"color:#e5461b\">\n<div class=\"wp-block-column is-layout-flow wp-block-column-is-layout-flow\">\n<div class=\"wp-block-group sticky-bwa bwa-top-100\"><div class=\"wp-block-group__inner-container is-layout-constrained wp-block-group-is-layout-constrained\">\n<figure class=\"wp-block-image size-large padded-content sm  move-down-element move-more-more\"><img width=\"742\" height=\"1024\" data-src=\"https:\/\/www.cantinatelavera.it\/wp-content\/uploads\/2025\/06\/telavera-murgia-profonda-center-742x1024.webp\" alt=\"\" class=\"wp-image-432 lazyload bwa-img\" srcset=\"https:\/\/www.cantinatelavera.it\/wp-content\/uploads\/2025\/06\/telavera-murgia-profonda-center-742x1024.webp 742w, https:\/\/www.cantinatelavera.it\/wp-content\/uploads\/2025\/06\/telavera-murgia-profonda-center-217x300.webp 217w, https:\/\/www.cantinatelavera.it\/wp-content\/uploads\/2025\/06\/telavera-murgia-profonda-center-768x1060.webp 768w, https:\/\/www.cantinatelavera.it\/wp-content\/uploads\/2025\/06\/telavera-murgia-profonda-center-1113x1536.webp 1113w, https:\/\/www.cantinatelavera.it\/wp-content\/uploads\/2025\/06\/telavera-murgia-profonda-center-1484x2048.webp 1484w, https:\/\/www.cantinatelavera.it\/wp-content\/uploads\/2025\/06\/telavera-murgia-profonda-center-1200x1656.webp 1200w, https:\/\/www.cantinatelavera.it\/wp-content\/uploads\/2025\/06\/telavera-murgia-profonda-center-scaled.webp 1855w\" sizes=\"(max-width: 742px) 100vw, 742px\" \/><\/figure>\n<\/div><\/div>\n\n\n\n<div class=\"wp-block-group relative-bwa z-index10 move-up-element move-more has-background\" style=\"background:linear-gradient(180deg,rgba(255,255,255,0) 0%,rgba(255,255,255,0.78) 51%)\"><div class=\"wp-block-group__inner-container is-layout-constrained wp-block-group-is-layout-constrained\">\n<div style=\"height:2em\" aria-hidden=\"true\" class=\"wp-block-spacer\"><\/div>\n\n\n\n<h2 class=\"wp-block-heading extra-title\" style=\"text-transform:uppercase\">Yet, the Murgia is also profound.<\/h2>\n\n\n\n<div style=\"height:2em\" aria-hidden=\"true\" class=\"wp-block-spacer\"><\/div>\n\n\n\n<p class=\"has-large-font-size\" style=\"font-style:normal;font-weight:700;text-transform:uppercase\">Under its rocky exterior, it conceals caves, ravines, and nooks that speak of human history and nature, of hiding places and secret routes. This land keeps the past alive in its stillness and solitude. It tells its story through the breeze, the hum of cicadas, and the quiet dedication of its people<\/p>\n\n\n\n<div style=\"height:4em\" aria-hidden=\"true\" class=\"wp-block-spacer\"><\/div>\n<\/div><\/div>\n<\/div>\n\n\n\n<div class=\"wp-block-column is-layout-flow wp-block-column-is-layout-flow\"><\/div>\n<\/div>\n<\/div><\/div>\n\n\n\n<div style=\"height:6em\" aria-hidden=\"true\" class=\"wp-block-spacer hidden-xs\"><\/div>\n\n\n\n<div class=\"wp-block-group super-row padding-right0 margin-right0 ghost-row\"><div class=\"wp-block-group__inner-container is-layout-constrained wp-block-group-is-layout-constrained\">\n<figure class=\"wp-block-gallery has-nested-images columns-default bwa-flickity-carousel-wp bwa-wrap-around bwa-no-freescroll bwa-align-right bwa-no-dots wp-block-gallery-1 is-layout-flex wp-block-gallery-is-layout-flex\">\n<figure class=\"wp-block-image size-colsm6\"><a href=\"https:\/\/www.cantinatelavera.it\/wp-content\/uploads\/2026\/01\/telavera-territorio-7.webp\"><img width=\"960\" height=\"640\" data-id=\"995\" data-src=\"https:\/\/www.cantinatelavera.it\/wp-content\/uploads\/2026\/01\/telavera-territorio-7-960x640.webp\" alt=\"\" class=\"wp-image-995 lazyload bwa-img\" srcset=\"https:\/\/www.cantinatelavera.it\/wp-content\/uploads\/2026\/01\/telavera-territorio-7-960x640.webp 960w, https:\/\/www.cantinatelavera.it\/wp-content\/uploads\/2026\/01\/telavera-territorio-7-300x200.webp 300w, https:\/\/www.cantinatelavera.it\/wp-content\/uploads\/2026\/01\/telavera-territorio-7-1024x683.webp 1024w, https:\/\/www.cantinatelavera.it\/wp-content\/uploads\/2026\/01\/telavera-territorio-7-768x512.webp 768w, https:\/\/www.cantinatelavera.it\/wp-content\/uploads\/2026\/01\/telavera-territorio-7-18x12.webp 18w, https:\/\/www.cantinatelavera.it\/wp-content\/uploads\/2026\/01\/telavera-territorio-7-1200x800.webp 1200w, https:\/\/www.cantinatelavera.it\/wp-content\/uploads\/2026\/01\/telavera-territorio-7.webp 1500w\" sizes=\"(max-width: 960px) 100vw, 960px\" \/><\/a><\/figure>\n\n\n\n<figure class=\"wp-block-image size-colsm6\"><a href=\"https:\/\/www.cantinatelavera.it\/wp-content\/uploads\/2026\/01\/telavera-territorio-8.webp\"><img width=\"960\" height=\"640\" data-id=\"997\" data-src=\"https:\/\/www.cantinatelavera.it\/wp-content\/uploads\/2026\/01\/telavera-territorio-8-960x640.webp\" alt=\"\" class=\"wp-image-997 lazyload bwa-img\" srcset=\"https:\/\/www.cantinatelavera.it\/wp-content\/uploads\/2026\/01\/telavera-territorio-8-960x640.webp 960w, https:\/\/www.cantinatelavera.it\/wp-content\/uploads\/2026\/01\/telavera-territorio-8-300x200.webp 300w, https:\/\/www.cantinatelavera.it\/wp-content\/uploads\/2026\/01\/telavera-territorio-8-1024x683.webp 1024w, https:\/\/www.cantinatelavera.it\/wp-content\/uploads\/2026\/01\/telavera-territorio-8-768x512.webp 768w, https:\/\/www.cantinatelavera.it\/wp-content\/uploads\/2026\/01\/telavera-territorio-8-18x12.webp 18w, https:\/\/www.cantinatelavera.it\/wp-content\/uploads\/2026\/01\/telavera-territorio-8-1200x800.webp 1200w, https:\/\/www.cantinatelavera.it\/wp-content\/uploads\/2026\/01\/telavera-territorio-8.webp 1500w\" sizes=\"(max-width: 960px) 100vw, 960px\" \/><\/a><\/figure>\n\n\n\n<figure class=\"wp-block-image size-colsm6\"><a href=\"https:\/\/www.cantinatelavera.it\/wp-content\/uploads\/2026\/01\/telavera-territorio-10.webp\"><img width=\"960\" height=\"640\" data-id=\"998\" data-src=\"https:\/\/www.cantinatelavera.it\/wp-content\/uploads\/2026\/01\/telavera-territorio-10-960x640.webp\" alt=\"\" class=\"wp-image-998 lazyload bwa-img\" srcset=\"https:\/\/www.cantinatelavera.it\/wp-content\/uploads\/2026\/01\/telavera-territorio-10-960x640.webp 960w, https:\/\/www.cantinatelavera.it\/wp-content\/uploads\/2026\/01\/telavera-territorio-10-300x200.webp 300w, https:\/\/www.cantinatelavera.it\/wp-content\/uploads\/2026\/01\/telavera-territorio-10-1024x683.webp 1024w, https:\/\/www.cantinatelavera.it\/wp-content\/uploads\/2026\/01\/telavera-territorio-10-768x512.webp 768w, https:\/\/www.cantinatelavera.it\/wp-content\/uploads\/2026\/01\/telavera-territorio-10-18x12.webp 18w, https:\/\/www.cantinatelavera.it\/wp-content\/uploads\/2026\/01\/telavera-territorio-10-1200x800.webp 1200w, https:\/\/www.cantinatelavera.it\/wp-content\/uploads\/2026\/01\/telavera-territorio-10.webp 1500w\" sizes=\"(max-width: 960px) 100vw, 960px\" \/><\/a><\/figure>\n\n\n\n<figure class=\"wp-block-image size-colsm6\"><a href=\"https:\/\/www.cantinatelavera.it\/wp-content\/uploads\/2026\/01\/telavera-territorio-11.webp\"><img width=\"960\" height=\"640\" data-id=\"999\" data-src=\"https:\/\/www.cantinatelavera.it\/wp-content\/uploads\/2026\/01\/telavera-territorio-11-960x640.webp\" alt=\"\" class=\"wp-image-999 lazyload bwa-img\" srcset=\"https:\/\/www.cantinatelavera.it\/wp-content\/uploads\/2026\/01\/telavera-territorio-11-960x640.webp 960w, https:\/\/www.cantinatelavera.it\/wp-content\/uploads\/2026\/01\/telavera-territorio-11-300x200.webp 300w, https:\/\/www.cantinatelavera.it\/wp-content\/uploads\/2026\/01\/telavera-territorio-11-1024x683.webp 1024w, https:\/\/www.cantinatelavera.it\/wp-content\/uploads\/2026\/01\/telavera-territorio-11-768x512.webp 768w, https:\/\/www.cantinatelavera.it\/wp-content\/uploads\/2026\/01\/telavera-territorio-11-18x12.webp 18w, https:\/\/www.cantinatelavera.it\/wp-content\/uploads\/2026\/01\/telavera-territorio-11-1200x800.webp 1200w, https:\/\/www.cantinatelavera.it\/wp-content\/uploads\/2026\/01\/telavera-territorio-11.webp 1500w\" sizes=\"(max-width: 960px) 100vw, 960px\" \/><\/a><\/figure>\n\n\n\n<figure class=\"wp-block-image size-colsm6\"><a href=\"https:\/\/www.cantinatelavera.it\/wp-content\/uploads\/2026\/01\/telavera-territorio-4.webp\"><img width=\"960\" height=\"640\" data-id=\"992\" data-src=\"https:\/\/www.cantinatelavera.it\/wp-content\/uploads\/2026\/01\/telavera-territorio-4-960x640.webp\" alt=\"\" class=\"wp-image-992 lazyload bwa-img\" srcset=\"https:\/\/www.cantinatelavera.it\/wp-content\/uploads\/2026\/01\/telavera-territorio-4-960x640.webp 960w, https:\/\/www.cantinatelavera.it\/wp-content\/uploads\/2026\/01\/telavera-territorio-4-300x200.webp 300w, https:\/\/www.cantinatelavera.it\/wp-content\/uploads\/2026\/01\/telavera-territorio-4-1024x683.webp 1024w, https:\/\/www.cantinatelavera.it\/wp-content\/uploads\/2026\/01\/telavera-territorio-4-768x512.webp 768w, https:\/\/www.cantinatelavera.it\/wp-content\/uploads\/2026\/01\/telavera-territorio-4-18x12.webp 18w, https:\/\/www.cantinatelavera.it\/wp-content\/uploads\/2026\/01\/telavera-territorio-4-1200x800.webp 1200w, https:\/\/www.cantinatelavera.it\/wp-content\/uploads\/2026\/01\/telavera-territorio-4.webp 1500w\" sizes=\"(max-width: 960px) 100vw, 960px\" \/><\/a><\/figure>\n\n\n\n<figure class=\"wp-block-image size-colsm6\"><a href=\"https:\/\/www.cantinatelavera.it\/wp-content\/uploads\/2026\/01\/telavera-territorio-1.webp\"><img width=\"960\" height=\"640\" data-id=\"988\" data-src=\"https:\/\/www.cantinatelavera.it\/wp-content\/uploads\/2026\/01\/telavera-territorio-1-960x640.webp\" alt=\"\" class=\"wp-image-988 lazyload bwa-img\" srcset=\"https:\/\/www.cantinatelavera.it\/wp-content\/uploads\/2026\/01\/telavera-territorio-1-960x640.webp 960w, https:\/\/www.cantinatelavera.it\/wp-content\/uploads\/2026\/01\/telavera-territorio-1-300x200.webp 300w, https:\/\/www.cantinatelavera.it\/wp-content\/uploads\/2026\/01\/telavera-territorio-1-1024x683.webp 1024w, https:\/\/www.cantinatelavera.it\/wp-content\/uploads\/2026\/01\/telavera-territorio-1-768x512.webp 768w, https:\/\/www.cantinatelavera.it\/wp-content\/uploads\/2026\/01\/telavera-territorio-1-18x12.webp 18w, https:\/\/www.cantinatelavera.it\/wp-content\/uploads\/2026\/01\/telavera-territorio-1-1200x800.webp 1200w, https:\/\/www.cantinatelavera.it\/wp-content\/uploads\/2026\/01\/telavera-territorio-1.webp 1500w\" sizes=\"(max-width: 960px) 100vw, 960px\" \/><\/a><\/figure>\n\n\n\n<figure class=\"wp-block-image size-colsm6\"><a href=\"https:\/\/www.cantinatelavera.it\/wp-content\/uploads\/2026\/01\/telavera-territorio-12.webp\"><img width=\"960\" height=\"640\" data-id=\"1000\" data-src=\"https:\/\/www.cantinatelavera.it\/wp-content\/uploads\/2026\/01\/telavera-territorio-12-960x640.webp\" alt=\"\" class=\"wp-image-1000 lazyload bwa-img\" srcset=\"https:\/\/www.cantinatelavera.it\/wp-content\/uploads\/2026\/01\/telavera-territorio-12-960x640.webp 960w, https:\/\/www.cantinatelavera.it\/wp-content\/uploads\/2026\/01\/telavera-territorio-12-300x200.webp 300w, https:\/\/www.cantinatelavera.it\/wp-content\/uploads\/2026\/01\/telavera-territorio-12-1024x683.webp 1024w, https:\/\/www.cantinatelavera.it\/wp-content\/uploads\/2026\/01\/telavera-territorio-12-768x512.webp 768w, https:\/\/www.cantinatelavera.it\/wp-content\/uploads\/2026\/01\/telavera-territorio-12-18x12.webp 18w, https:\/\/www.cantinatelavera.it\/wp-content\/uploads\/2026\/01\/telavera-territorio-12-1200x800.webp 1200w, https:\/\/www.cantinatelavera.it\/wp-content\/uploads\/2026\/01\/telavera-territorio-12.webp 1500w\" sizes=\"(max-width: 960px) 100vw, 960px\" \/><\/a><\/figure>\n\n\n\n<figure class=\"wp-block-image size-colsm6\"><a href=\"https:\/\/www.cantinatelavera.it\/wp-content\/uploads\/2026\/01\/telavera-territorio-5.webp\"><img width=\"960\" height=\"640\" data-id=\"993\" data-src=\"https:\/\/www.cantinatelavera.it\/wp-content\/uploads\/2026\/01\/telavera-territorio-5-960x640.webp\" alt=\"\" class=\"wp-image-993 lazyload bwa-img\" srcset=\"https:\/\/www.cantinatelavera.it\/wp-content\/uploads\/2026\/01\/telavera-territorio-5-960x640.webp 960w, https:\/\/www.cantinatelavera.it\/wp-content\/uploads\/2026\/01\/telavera-territorio-5-300x200.webp 300w, https:\/\/www.cantinatelavera.it\/wp-content\/uploads\/2026\/01\/telavera-territorio-5-1024x683.webp 1024w, https:\/\/www.cantinatelavera.it\/wp-content\/uploads\/2026\/01\/telavera-territorio-5-768x512.webp 768w, https:\/\/www.cantinatelavera.it\/wp-content\/uploads\/2026\/01\/telavera-territorio-5-18x12.webp 18w, https:\/\/www.cantinatelavera.it\/wp-content\/uploads\/2026\/01\/telavera-territorio-5-1200x800.webp 1200w, https:\/\/www.cantinatelavera.it\/wp-content\/uploads\/2026\/01\/telavera-territorio-5.webp 1500w\" sizes=\"(max-width: 960px) 100vw, 960px\" \/><\/a><\/figure>\n<\/figure>\n<\/div><\/div>\n\n\n\n<div style=\"height:4em\" aria-hidden=\"true\" class=\"wp-block-spacer\"><\/div>\n\n\n\n<div style=\"height:4em\" aria-hidden=\"true\" class=\"wp-block-spacer hidden-xs\"><\/div>\n\n\n\n<div class=\"wp-block-columns is-layout-flex wp-container-core-columns-is-layout-9d6595d7 wp-block-columns-is-layout-flex\">\n<div class=\"wp-block-column is-layout-flow wp-block-column-is-layout-flow\"><\/div>\n\n\n\n<div class=\"wp-block-column is-layout-flow wp-block-column-is-layout-flow\" style=\"flex-basis:66.66%\">\n<p class=\"has-text-align-right has-black-color has-text-color has-link-color has-large-font-size wp-elements-25cf19a2d6ac972457dbcd1704902d74\" style=\"font-style:normal;font-weight:700;text-transform:uppercase\">From every vine and olive tree, a legacy grows\u2014rooted in ancient know-how and the quiet rituals of generations past. Murgia reveals its essence only to those who take the time to explore, understand, and honor it.<\/p>\n<\/div>\n<\/div>\n\n\n\n<div style=\"height:18px\" aria-hidden=\"true\" class=\"wp-block-spacer\"><\/div>\n\n\n\n<div class=\"wp-block-buttons is-content-justification-right is-layout-flex wp-container-core-buttons-is-layout-765c4724 wp-block-buttons-is-layout-flex\">\n<div class=\"wp-block-button\"><a class=\"wp-block-button__link has-black-background-color has-background wp-element-button\" href=\"https:\/\/www.cantinatelavera.it\/en\/i-nostri-vini\/\" style=\"font-style:normal;font-weight:700;text-transform:uppercase\">Our Wines<\/a><\/div>\n<\/div>\n\n\n\n<div style=\"height:4em\" aria-hidden=\"true\" class=\"wp-block-spacer\"><\/div>\n\n\n\n<div style=\"height:4em\" aria-hidden=\"true\" class=\"wp-block-spacer hidden-xs\"><\/div>","protected":false},"excerpt":{"rendered":"<p>Murgia Profonda La Murgia \u00e8 una terra severa, essenziale. Il suo paesaggio \u00e8 fatto di rocce dure, campi battuti dal vento, querce solitarie e muretti a secco. \u00c8 una bellezza che non si concede facilmente, ma che premia chi sa guardare oltre l\u2019apparente asprezza. Qui, la fatica \u00e8 sempre stata parte del vivere, eppure da [&hellip;]<\/p>","protected":false},"author":1,"featured_media":0,"parent":0,"menu_order":0,"comment_status":"closed","ping_status":"closed","template":"page-templates\/full.php","meta":{"footnotes":""},"class_list":["post-213","page","type-page","status-publish","hentry"],"_links":{"self":[{"href":"https:\/\/www.cantinatelavera.it\/en\/wp-json\/wp\/v2\/pages\/213","targetHints":{"allow":["GET"]}}],"collection":[{"href":"https:\/\/www.cantinatelavera.it\/en\/wp-json\/wp\/v2\/pages"}],"about":[{"href":"https:\/\/www.cantinatelavera.it\/en\/wp-json\/wp\/v2\/types\/page"}],"author":[{"embeddable":true,"href":"https:\/\/www.cantinatelavera.it\/en\/wp-json\/wp\/v2\/users\/1"}],"replies":[{"embeddable":true,"href":"https:\/\/www.cantinatelavera.it\/en\/wp-json\/wp\/v2\/comments?post=213"}],"version-history":[{"count":78,"href":"https:\/\/www.cantinatelavera.it\/en\/wp-json\/wp\/v2\/pages\/213\/revisions"}],"predecessor-version":[{"id":1065,"href":"https:\/\/www.cantinatelavera.it\/en\/wp-json\/wp\/v2\/pages\/213\/revisions\/1065"}],"wp:attachment":[{"href":"https:\/\/www.cantinatelavera.it\/en\/wp-json\/wp\/v2\/media?parent=213"}],"curies":[{"name":"wp","href":"https:\/\/api.w.org\/{rel}","templated":true}]}}