{"id":212,"date":"2025-06-03T16:23:44","date_gmt":"2025-06-03T16:23:44","guid":{"rendered":"https:\/\/telavera.creamtest.it\/?page_id=212"},"modified":"2025-12-24T16:05:30","modified_gmt":"2025-12-24T16:05:30","slug":"chi-siamo","status":"publish","type":"page","link":"https:\/\/www.cantinatelavera.it\/en\/chi-siamo\/","title":{"rendered":"About Us"},"content":{"rendered":"<div class=\"wp-block-group super-row has-background\" style=\"background-color:#e5461b\"><div class=\"wp-block-group__inner-container is-layout-constrained wp-block-group-is-layout-constrained\">\n<div style=\"height:8em\" aria-hidden=\"true\" class=\"wp-block-spacer\"><\/div>\n\n\n\n<div class=\"wp-block-group move-down-element move-more relative-bwa z-index10\"><div class=\"wp-block-group__inner-container is-layout-constrained wp-block-group-is-layout-constrained\">\n<div class=\"wp-block-columns is-layout-flex wp-container-core-columns-is-layout-9d6595d7 wp-block-columns-is-layout-flex\">\n<div class=\"wp-block-column is-layout-flow wp-block-column-is-layout-flow\">\n<h1 class=\"wp-block-heading extra-title bigger has-white-color has-text-color has-link-color wp-elements-4c34e424c38e67c2413cb9944183a588 translation-block\" style=\"text-transform:uppercase\">About Us<\/h1>\n<\/div>\n\n\n\n<div class=\"wp-block-column is-layout-flow wp-block-column-is-layout-flow\" style=\"flex-basis:25%\"><\/div>\n<\/div>\n\n\n\n<div class=\"wp-block-columns is-layout-flex wp-container-core-columns-is-layout-9d6595d7 wp-block-columns-is-layout-flex\">\n<div class=\"wp-block-column is-layout-flow wp-block-column-is-layout-flow\" style=\"flex-basis:66.66%\">\n<p><\/p>\n\n\n\n<p class=\"has-white-color has-text-color has-link-color has-large-font-size wp-elements-be1dac5ab0090d79aa8addefc894ef43\" style=\"font-style:normal;font-weight:700;text-transform:uppercase\">Two brothers, one clear idea\u2014turning a family legacy into something meaningful.<\/p>\n\n\n\n<p class=\"has-white-color has-text-color has-link-color has-large-font-size wp-elements-4fc2876a15ba21bbe3498509dd5d76a7\" style=\"font-style:normal;font-weight:700;text-transform:uppercase\">It all started with our father, who made the vineyard his life's purpose. For him, it wasn\u2019t just a job \u2014 it was devotion, patience, and deep respect for the land.\u00a0 He knows each vine like a child \u2014 sensing when the land is thirsty, when the wind brings promise, and when waiting is the wisest choice.<\/p>\n<\/div>\n\n\n\n<div class=\"wp-block-column is-layout-flow wp-block-column-is-layout-flow\" style=\"flex-basis:33.33%\"><\/div>\n<\/div>\n<\/div><\/div>\n<\/div><\/div>\n\n\n\n<div class=\"wp-block-cover super-row reveal-mask move-up-element\" style=\"min-height:100vh;aspect-ratio:unset;\"><img width=\"2560\" height=\"1540\" class=\"wp-block-cover__image-background wp-image-943 size-full lazyload bwa-img\" alt=\"\" data-src=\"https:\/\/www.cantinatelavera.it\/wp-content\/uploads\/2025\/12\/telavera-chi-siamo-hero-ok.webp\" style=\"object-position:69% 44%\" data-object-fit=\"cover\" data-object-position=\"69% 44%\" srcset=\"https:\/\/www.cantinatelavera.it\/wp-content\/uploads\/2025\/12\/telavera-chi-siamo-hero-ok.webp 2560w, https:\/\/www.cantinatelavera.it\/wp-content\/uploads\/2025\/12\/telavera-chi-siamo-hero-ok-300x180.webp 300w, https:\/\/www.cantinatelavera.it\/wp-content\/uploads\/2025\/12\/telavera-chi-siamo-hero-ok-1024x616.webp 1024w, https:\/\/www.cantinatelavera.it\/wp-content\/uploads\/2025\/12\/telavera-chi-siamo-hero-ok-768x462.webp 768w\" sizes=\"(max-width: 2560px) 100vw, 2560px\" \/><span aria-hidden=\"true\" class=\"wp-block-cover__background has-background-dim-100 has-background-dim\" style=\"background-color:#e5461b\"><\/span><div class=\"wp-block-cover__inner-container is-layout-constrained wp-block-cover-is-layout-constrained\">\n<p class=\"has-text-align-center has-large-font-size\"><\/p>\n<\/div><\/div>\n\n\n\n<div class=\"wp-block-group super-row has-background\" style=\"background-color:#e5461b\"><div class=\"wp-block-group__inner-container is-layout-constrained wp-block-group-is-layout-constrained\">\n<div style=\"height:8em\" aria-hidden=\"true\" class=\"wp-block-spacer\"><\/div>\n<\/div><\/div>\n\n\n\n<div class=\"wp-block-columns relative-bwa z-index10 is-layout-flex wp-container-core-columns-is-layout-9d6595d7 wp-block-columns-is-layout-flex\">\n<div class=\"wp-block-column is-layout-flow wp-block-column-is-layout-flow\">\n<figure class=\"wp-block-image size-full move-up-element move-more altered-move\"><img width=\"1522\" height=\"2250\" data-src=\"https:\/\/www.cantinatelavera.it\/wp-content\/uploads\/2025\/12\/telavera-chi-siamo-padre.webp\" alt=\"\" class=\"wp-image-937 lazyload bwa-img\" srcset=\"https:\/\/www.cantinatelavera.it\/wp-content\/uploads\/2025\/12\/telavera-chi-siamo-padre.webp 1522w, https:\/\/www.cantinatelavera.it\/wp-content\/uploads\/2025\/12\/telavera-chi-siamo-padre-203x300.webp 203w, https:\/\/www.cantinatelavera.it\/wp-content\/uploads\/2025\/12\/telavera-chi-siamo-padre-693x1024.webp 693w, https:\/\/www.cantinatelavera.it\/wp-content\/uploads\/2025\/12\/telavera-chi-siamo-padre-768x1135.webp 768w, https:\/\/www.cantinatelavera.it\/wp-content\/uploads\/2025\/12\/telavera-chi-siamo-padre-1039x1536.webp 1039w\" sizes=\"(max-width: 1522px) 100vw, 1522px\" \/><\/figure>\n<\/div>\n\n\n\n<div class=\"wp-block-column is-layout-flow wp-block-column-is-layout-flow\">\n<div class=\"wp-block-group sticky-bwa bwa-top-100\"><div class=\"wp-block-group__inner-container is-layout-constrained wp-block-group-is-layout-constrained\">\n<div style=\"height:4em\" aria-hidden=\"true\" class=\"wp-block-spacer\"><\/div>\n\n\n\n<div class=\"wp-block-group is-content-justification-right is-nowrap is-layout-flex wp-container-core-group-is-layout-fd526d70 wp-block-group-is-layout-flex\">\n<p class=\"has-text-align-right has-black-color has-text-color has-link-color has-large-font-size wp-elements-ad480533a83db1d481da8377eeb149fb\" style=\"font-style:normal;font-weight:700;text-transform:uppercase\">Of us all, Antonio \u2014 our brother \u2014 was the first to truly follow this calling.<\/p>\n<\/div>\n\n\n\n<div style=\"height:4em\" aria-hidden=\"true\" class=\"wp-block-spacer\"><\/div>\n<\/div><\/div>\n<\/div>\n<\/div>\n\n\n\n<p class=\"relative-bwa z-index10 has-text-color has-link-color has-x-large-font-size wp-elements-5e3a957c2599c7a8bc4e128c14d3f4d5\" style=\"color:#e5461b;font-style:normal;font-weight:700;text-transform:uppercase\">He didn\u2019t stop at cultivation; he took it further, turning fruit into soul. He made the choice to go further: beyond cultivation, toward transformation.<\/p>\n\n\n\n<div class=\"wp-block-columns is-layout-flex wp-container-core-columns-is-layout-9d6595d7 wp-block-columns-is-layout-flex\">\n<div class=\"wp-block-column is-layout-flow wp-block-column-is-layout-flow\"><\/div>\n\n\n\n<div class=\"wp-block-column is-layout-flow wp-block-column-is-layout-flow\"><\/div>\n\n\n\n<div class=\"wp-block-column is-layout-flow wp-block-column-is-layout-flow\">\n<figure class=\"wp-block-image size-full move-up-element move-more altered-move\"><img width=\"2000\" height=\"2000\" data-src=\"https:\/\/www.cantinatelavera.it\/wp-content\/uploads\/2025\/12\/telavera-chi-siamo-antonio.webp\" alt=\"\" class=\"wp-image-938 lazyload bwa-img\"\/><\/figure>\n<\/div>\n<\/div>\n\n\n\n<div style=\"height:4em\" aria-hidden=\"true\" class=\"wp-block-spacer\"><\/div>\n\n\n\n<div class=\"wp-block-cover super-row\" style=\"min-height:100vh;aspect-ratio:unset;\"><img width=\"1024\" height=\"561\" class=\"wp-block-cover__image-background wp-image-939 size-large lazyload bwa-img\" alt=\"\" data-src=\"https:\/\/www.cantinatelavera.it\/wp-content\/uploads\/2025\/12\/telavera-chi-siamo-hero-1-1024x561.webp\" style=\"object-position:58% 46%\" data-object-fit=\"cover\" data-object-position=\"58% 46%\" srcset=\"https:\/\/www.cantinatelavera.it\/wp-content\/uploads\/2025\/12\/telavera-chi-siamo-hero-1-1024x561.webp 1024w, https:\/\/www.cantinatelavera.it\/wp-content\/uploads\/2025\/12\/telavera-chi-siamo-hero-1-300x164.webp 300w, https:\/\/www.cantinatelavera.it\/wp-content\/uploads\/2025\/12\/telavera-chi-siamo-hero-1-768x421.webp 768w, https:\/\/www.cantinatelavera.it\/wp-content\/uploads\/2025\/12\/telavera-chi-siamo-hero-1-1536x842.webp 1536w\" sizes=\"(max-width: 1024px) 100vw, 1024px\" \/><span aria-hidden=\"true\" class=\"wp-block-cover__background has-background-dim-0 has-background-dim\" style=\"background-color:#7c674f\"><\/span><div class=\"wp-block-cover__inner-container is-layout-constrained wp-block-cover-is-layout-constrained\">\n<p class=\"extra-title bigger font-alt\" style=\"text-transform:uppercase\">It was his vision <\/p>\n\n\n\n<p class=\"extra-title mini font-alt\" style=\"text-transform:uppercase\">that gave birth to the idea of the winery.<\/p>\n<\/div><\/div>\n\n\n\n<div style=\"height:6em\" aria-hidden=\"true\" class=\"wp-block-spacer\"><\/div>\n\n\n\n<p class=\"extra-title middle font-alt has-text-color has-link-color wp-elements-9086737ec89409f75096a0e38eec3148 translation-block\" style=\"color:#008b38;font-style:normal;font-weight:700;text-transform:uppercase\">Today his idea lives within us.<br>And we have decided to carry it forward.<\/p>\n\n\n\n<div style=\"height:2em\" aria-hidden=\"true\" class=\"wp-block-spacer\"><\/div>\n\n\n\n<p class=\"has-black-color has-text-color has-link-color has-x-large-font-size wp-elements-f1d57345ad9169d82724235bba16f125\" style=\"font-style:normal;font-weight:700;text-transform:uppercase\">We didn\u2019t invent anything; we simply took what was already there and made it our own, in our own way. Nothing superfluous, but with all the love and respect for this land and for those who worked it before us.<\/p>\n\n\n\n<div style=\"height:2em\" aria-hidden=\"true\" class=\"wp-block-spacer\"><\/div>\n\n\n\n<div class=\"wp-block-buttons is-content-justification-right is-layout-flex wp-container-core-buttons-is-layout-765c4724 wp-block-buttons-is-layout-flex\">\n<div class=\"wp-block-button\"><a class=\"wp-block-button__link has-black-background-color has-background wp-element-button\" href=\"https:\/\/www.cantinatelavera.it\/en\/i-nostri-vini\/\" style=\"font-style:normal;font-weight:700;text-transform:uppercase\">Our Wines<\/a><\/div>\n<\/div>\n\n\n\n<div style=\"height:4em\" aria-hidden=\"true\" class=\"wp-block-spacer\"><\/div>","protected":false},"excerpt":{"rendered":"<p>Chisiamo? Due fratelli con un&#8217;idea chiara: trasformare l&#8217;eredit\u00e0 di famiglia in qualcosa di autentico. Tutto \u00e8 iniziato con nostro padre, che della vigna ne ha fatto la sua vita. Non \u00e8 solo lavoro: \u00e8 attenzione, pazienza, rispetto. Conosce ogni filare come si conosce un figlio, sa quando la terra ha sete, quando il vento porter\u00e0 [&hellip;]<\/p>","protected":false},"author":1,"featured_media":0,"parent":0,"menu_order":0,"comment_status":"closed","ping_status":"closed","template":"page-templates\/full.php","meta":{"footnotes":""},"class_list":["post-212","page","type-page","status-publish","hentry"],"_links":{"self":[{"href":"https:\/\/www.cantinatelavera.it\/en\/wp-json\/wp\/v2\/pages\/212","targetHints":{"allow":["GET"]}}],"collection":[{"href":"https:\/\/www.cantinatelavera.it\/en\/wp-json\/wp\/v2\/pages"}],"about":[{"href":"https:\/\/www.cantinatelavera.it\/en\/wp-json\/wp\/v2\/types\/page"}],"author":[{"embeddable":true,"href":"https:\/\/www.cantinatelavera.it\/en\/wp-json\/wp\/v2\/users\/1"}],"replies":[{"embeddable":true,"href":"https:\/\/www.cantinatelavera.it\/en\/wp-json\/wp\/v2\/comments?post=212"}],"version-history":[{"count":42,"href":"https:\/\/www.cantinatelavera.it\/en\/wp-json\/wp\/v2\/pages\/212\/revisions"}],"predecessor-version":[{"id":945,"href":"https:\/\/www.cantinatelavera.it\/en\/wp-json\/wp\/v2\/pages\/212\/revisions\/945"}],"wp:attachment":[{"href":"https:\/\/www.cantinatelavera.it\/en\/wp-json\/wp\/v2\/media?parent=212"}],"curies":[{"name":"wp","href":"https:\/\/api.w.org\/{rel}","templated":true}]}}